{"id":179,"date":"2021-11-05T13:43:32","date_gmt":"2021-11-05T13:43:32","guid":{"rendered":"http:\/\/spincontrol.ca\/?page_id=179"},"modified":"2025-05-26T16:33:21","modified_gmt":"2025-05-26T16:33:21","slug":"politique-de-confidentialite","status":"publish","type":"page","link":"https:\/\/spincontrol.ca\/fr\/politique-de-confidentialite\/","title":{"rendered":"Politique de confidentialit\u00e9"},"content":{"rendered":"\r\n<p>Vous visitez actuellement le site web de Eurofins SpinControl Canada.<\/p>\r\n<p>Lorsque vous utilisez notre site web ou nos services, nous recueillons des renseignements qui nous permettent de vous identifier. Votre vie priv\u00e9e est importante pour nous, et tous les renseignements que nous recueillons sont utilis\u00e9s dans le respect de cette philosophie et dans l\u2019unique but de vous fournir un service personnalis\u00e9 et une exp\u00e9rience en ligne optimis\u00e9e.<\/p>\r\n<p>La pr\u00e9sente politique de confidentialit\u00e9 (la \u201cPolitique de confidentialit\u00e9\u201d) explique le type de renseignements personnels que nous recueillons, la mani\u00e8re dont ils sont trait\u00e9s, vos droits concernant ces renseignements, ainsi que la mani\u00e8re de nous contacter si vous avez des questions ou des pr\u00e9occupations par rapport \u00e0 notre utilisation de ces renseignements. Notre responsable de la protection des renseignements personnels veille au respect de la protection de vos renseignements personnels et r\u00e9pond \u00e0 toutes les questions relatives \u00e0 la vie priv\u00e9e et \u00e0 la confidentialit\u00e9 afin de garantir la transparence et la responsabilit\u00e9 dans la gestion de tous les renseignements personnels. Vous pouvez contacter notre responsable Azita Kazerouni \u00e0 l\u2019adresse suivante : Azita.Kazerouni@cpt.eurofinsus.com.<\/p>\r\n<p><b>Qu\u2019est-ce qu\u2019un renseignement personnel ?<\/b><\/p>\r\n<p>Les renseignements personnels sont toutes les informations vous concernant qui peuvent \u00eatre utilis\u00e9es, seules ou avec d\u2019autres donn\u00e9es, pour vous identifier. Par exemple, votre identifiant en ligne ou votre adresse IP peuvent \u00eatre consid\u00e9r\u00e9s comme \u00e9tant des renseignements personnels, car ils peuvent \u00eatre reli\u00e9s \u00e0 vous.<\/p>\r\n<p><b>Quand la Politique de confidentialit\u00e9 s\u2019applique-t-elle ?<\/b><\/p>\r\n<p>La pr\u00e9sente Politique de confidentialit\u00e9 s\u2019applique \u00e0 notre site web et \u00e0 tous les services que nous vous fournissons (collectivement, les \u201cServices\u201d). En visitant, en acc\u00e9dant ou en utilisant nos Services, vous acceptez \u00e9galement le contenu de la Politique de confidentialit\u00e9. Si vous n\u2019\u00eates pas d\u2019accord avec une partie de ces politiques ou pratiques, veuillez ne pas visiter, acc\u00e9der ou utiliser nos Services. Les Services peuvent contenir du mat\u00e9riel ou du contenu de tiers, ce qui peut inclure les \u00e9l\u00e9ments suivants : identifiants de m\u00e9dias sociaux, autorisations de partage de contenu et liens vers du contenu et du mat\u00e9riel provenant d\u2019autres sites web de tiers. Dans certains cas, ces tiers peuvent traiter vos renseignements personnels. Ce traitement est soumis aux politiques de confidentialit\u00e9 respectives de chaque tiers, et nous vous invitons \u00e0 vous renseigner sur leurs pratiques et \u00e0 consulter leurs politiques ici :<a href=\"https:\/\/chat.openai.com\/c\/lien\">\u00a0<\/a><\/p>\r\n<ul>\r\n<li aria-level=\"1\">Lire la Politique de confidentialit\u00e9 de\u00a0<a href=\"https:\/\/policies.google.com\/privacy?hl=en-US\">Google<\/a>.<\/li>\r\n<\/ul>\r\n<p><b>Quand recueillons-nous vos renseignements personnels ?<\/b><\/p>\r\n<p>Les circonstances suivantes peuvent nous amener \u00e0 collecter vos renseignements personnels :<\/p>\r\n<ul>\r\n<li aria-level=\"1\">Lorsque vous vous abonnez volontairement \u00e0 notre newsletter ;<\/li>\r\n<li aria-level=\"1\">Lorsque vous remplissez un formulaire de contrat sur notre site Internet ;<\/li>\r\n<li aria-level=\"1\">Lorsque vous vous inscrivez \u00e0 nos Services ;<\/li>\r\n<li aria-level=\"1\">Lorsque vous r\u00e9pondez \u00e0 nos enqu\u00eates et questionnaires ;<\/li>\r\n<li aria-level=\"1\">Lorsque vous interagissez avec nos pages de r\u00e9seaux sociaux ;<\/li>\r\n<li aria-level=\"1\">Lorsque vous postulez pour un emploi au sein de notre organisation ;<\/li>\r\n<li aria-level=\"1\">Lorsque vous acceptez un cookie sur votre appareil ;<\/li>\r\n<li aria-level=\"1\">Lorsque vous avez fourni des informations accessibles au public ; et<\/li>\r\n<li aria-level=\"1\">Lorsque vous interagissez avec nos repr\u00e9sentants.<\/li>\r\n<\/ul>\r\n<p><b>Quels renseignements personnels recueillons-nous et pourquoi ?<\/b><\/p>\r\n<p>Nous recueillons des renseignements personnels tels que votre nom, votre num\u00e9ro de t\u00e9l\u00e9phone, votre adresse courriel et votre adresse r\u00e9sidentielle afin d\u2019\u00eatre en mesure de vous fournir des Services adapt\u00e9s \u00e0 vos besoins. Bien que les renseignements personnels que nous recueillons soient principalement utilis\u00e9s pour vous fournir les Services, ils peuvent \u00e9galement, avec votre consentement, \u00eatre utilis\u00e9s aux fins suivantes :<\/p>\r\n<ul>\r\n<li aria-level=\"1\">personnaliser les Services que nous offrons;<\/li>\r\n<li aria-level=\"1\">g\u00e9rer votre compte au sein de notre organisation;<\/li>\r\n<li aria-level=\"1\">faciliter vos transactions;<\/li>\r\n<li aria-level=\"1\">vous fournir de l\u2019assistance au besoin;<\/li>\r\n<li aria-level=\"1\">effectuer des recherches et des analyses; et<\/li>\r\n<li aria-level=\"1\">veiller au respect de toute disposition l\u00e9gale et r\u00e9glementaire applicable \u00e0 votre situation. Vos renseignements personnels peuvent \u00e9galement \u00eatre collect\u00e9s indirectement \u00e0 l\u2019aide de cookies et d\u2019autres technologies. Veuillez vous r\u00e9f\u00e9rer \u00e0 la section sur les cookies ci-dessous pour plus d\u2019informations. Soyez assur\u00e9 que vos renseignements personnels ne sont utilis\u00e9s qu\u2019aux fins \u00e9num\u00e9r\u00e9es dans cette section.<\/li>\r\n<\/ul>\r\n<p><b>O\u00f9 et pendant combien de temps conservons-nous vos renseignements personnels ?<\/b><\/p>\r\n<p>Vos renseignements personnels sont stock\u00e9s sur nos services de stockage en nuage, nos syst\u00e8mes de gestion de base de donn\u00e9es, nos syst\u00e8mes de gestion de documents, nos syst\u00e8mes de gestion de contenu, nos plateformes de gestion de la relation client, nos serveurs de fichiers, nos syst\u00e8mes de stockage de fichiers s\u00e9curis\u00e9s, nos solutions de stockage crypt\u00e9es, nos syst\u00e8mes de sauvegarde et de r\u00e9cup\u00e9ration, nos serveurs priv\u00e9s virtuels, nos solutions de stockage hybrides combinant le stockage sur site et le stockage en nuage, et directement sur les applications tierces utilis\u00e9es par notre organisation. Nous conservons vos renseignements aussi longtemps qu\u2019il le faut pour atteindre les objectifs pour lesquels ils ont \u00e9t\u00e9 recueillis, pas plus longtemps. Vos renseignements personnels sont ensuite d\u00e9truits de mani\u00e8re appropri\u00e9e. Toutefois, nous devons respecter certaines p\u00e9riodes de conservation l\u00e9gales pour certains types de renseignements. Par exemple, les informations relatives au paiement et \u00e0 la facturation (par exemple, l\u2019adresse de facturation, le nom, etc.) sont conserv\u00e9es pendant une dur\u00e9e de sept (7) ans, conform\u00e9ment \u00e0 la l\u00e9gislation fiscale applicable.<\/p>\r\n<p><b>Comment assurons-nous la s\u00e9curit\u00e9 de vos renseignements personnels ?<\/b><\/p>\r\n<p>Pour pr\u00e9server l\u2019int\u00e9grit\u00e9 de vos renseignements personnels et les prot\u00e9ger contre la perte, l\u2019acc\u00e8s et l\u2019utilisation non autoris\u00e9s, la divulgation, ou la modification, nous mettons en \u0153uvre une vari\u00e9t\u00e9 de mesures contractuelles, techniques et organisationnelles. Tous les employ\u00e9s qui sont en contact avec vos renseignements re\u00e7oivent une formation sur les meilleures pratiques en mati\u00e8re de cybers\u00e9curit\u00e9 et de gestion des donn\u00e9es. Notre entreprise est li\u00e9e par des politiques internes telles qu\u2019une politique et pratiques de sensibilisation \u00e0 la cybers\u00e9curit\u00e9, une politique de s\u00e9curit\u00e9 de l\u2019information, une politique des r\u00f4les et responsabilit\u00e9s, une politique de gestion des donn\u00e9es, une politique de s\u00e9curit\u00e9 physique et un registre des incidents. Pour des raisons de s\u00e9curit\u00e9, nous ne divulguons pas ces politiques publiquement. Soyez assur\u00e9s que nos collaborateurs et nos sous-traitants sont \u00e9galement tenus de respecter les m\u00eames exigences en mati\u00e8re de protection de la vie priv\u00e9e.<\/p>\r\n<p><b>Qui peut acc\u00e9der \u00e0 vos informations ?<\/b><\/p>\r\n<p>Vos informations personnelles ne peuvent \u00eatre acc\u00e9d\u00e9es par et partag\u00e9es qu\u2019avec :<\/p>\r\n<ul>\r\n<li aria-level=\"1\">nos employ\u00e9s autoris\u00e9s;<\/li>\r\n<li aria-level=\"1\">nos partenaires (\u00e9num\u00e9r\u00e9s pr\u00e9c\u00e9demment); et<\/li>\r\n<li aria-level=\"1\">nos prestataires de services externes autoris\u00e9s.<\/li>\r\n<\/ul>\r\n<p><b>Quels sont vos droits concernant vos renseignements personnels?<\/b><\/p>\r\n<p>Vous avez le droit de :<\/p>\r\n<ul>\r\n<li aria-level=\"1\">Savoir comment nous collectons et traitons vos renseignements personnels;<\/li>\r\n<li aria-level=\"1\">Acc\u00e9der aux renseignements personnels que nous avons recueillis \u00e0 votre sujet;<\/li>\r\n<li aria-level=\"1\">Demander la suppression de vos renseignements personnels;<\/li>\r\n<li aria-level=\"1\">Demander la modification et la rectification de vos renseignements personnels;<\/li>\r\n<li aria-level=\"1\">Demander que vos renseignements personnels ne soient plus trait\u00e9s par nous et qu\u2019ils soient effac\u00e9s; et<\/li>\r\n<li aria-level=\"1\">Contr\u00f4ler la fa\u00e7on dont nous faisons le traitement de vos renseignements personnels et la restreindre de mani\u00e8re \u00e0 ce que nous ne traitions plus vos renseignements personnels, mais que nous les conservions. Cet article est toutefois sujet au point 5 de la Politique de confidentialit\u00e9 au sujet de la dur\u00e9e de conservation des renseignements personnels.<\/li>\r\n<\/ul>\r\n<p><b>Utilisation des cookies<\/b><\/p>\r\n<p>Les cookies sont de petits fichiers qui sont t\u00e9l\u00e9charg\u00e9s sur votre appareil lorsque vous acc\u00e9dez \u00e0 certains sites web. Les informations contenues dans ces petits fichiers sont ensuite renvoy\u00e9es au site web lorsque vous revenez sur la page ou lorsque vous visitez un site web qui reconna\u00eet le cookie. Les cookies permettent \u00e0 un site web de reconna\u00eetre les utilisateurs et de comprendre comment ils naviguent sur diff\u00e9rents sites web. L\u2019utilisateur peut ainsi naviguer plus facilement sur le site web et enregistrer ses pr\u00e9f\u00e9rences, tout en am\u00e9liorant son exp\u00e9rience. Les cookies peuvent avoir diff\u00e9rents objectifs et utilisations. Pour plus d\u2019informations sur les cookies, vous pouvez consulter les sites web suivants :<a href=\"https:\/\/chat.openai.com\/c\/lien\">\u00a0www.allaboutcookies.org<\/a>\u00a0et<a href=\"https:\/\/chat.openai.com\/c\/lien\">\u00a0www.youronlinechoices.eu<\/a>. Nous utilisons des cookies sur notre site web pour vous garantir une exp\u00e9rience de navigation agr\u00e9able. Ces cookies sont install\u00e9s sur votre ordinateur lorsque vous donnez votre consentement, et vous avez la libert\u00e9 de retirer ou de modifier ce consentement \u00e0 tout moment, sans frais. Il convient de noter que certains cookies sont essentiels au fonctionnement d\u2019un site web et ne peuvent \u00eatre d\u00e9sactiv\u00e9s. Il s\u2019agit notamment des cookies de fonction et des cookies de performance, qui peuvent vous reconna\u00eetre en tant qu\u2019utilisateur et informer le site web de vos activit\u00e9s r\u00e9centes. Ces cookies sont n\u00e9cessaires pour permettre aux utilisateurs qui ont d\u00e9j\u00e0 visit\u00e9 certaines pages d\u2019acc\u00e9der plus rapidement au contenu. Par exemple, sans cookies, vous ne pourriez pas revenir \u00e0 une page pr\u00e9c\u00e9dente et seriez renvoy\u00e9 \u00e0 la page d\u2019accueil du site web chaque fois que vous utiliseriez la fonction \u00ab Retour \u00bb.<\/p>\r\n<p><b>Modifications<\/b><\/p>\r\n<p>Enfin, gardant \u00e0 l\u2019esprit que le monde num\u00e9rique est en constante \u00e9volution, nous pourrions \u00eatre amen\u00e9s \u00e0 modifier et \u00e0 mettre \u00e0 jour la pr\u00e9sente Politique de confidentialit\u00e9 \u00e0 l\u2019avenir. Toutefois, nous veillerons \u00e0 ce que toute modification soit rapidement publi\u00e9e sur notre site web et vous soit communiqu\u00e9e. La pr\u00e9sente version de la Politique de confidentialit\u00e9 s\u2019applique \u00e0 compter du 1 mai 2025.<\/p>\r\n<p>&nbsp;<\/p>\r\n","protected":false},"excerpt":{"rendered":"<p>Vous visitez actuellement le site web de Eurofins SpinControl Canada. Lorsque vous utilisez notre site web ou nos services, nous recueillons des renseignements qui nous permettent de vous identifier. Votre vie priv\u00e9e est importante pour nous, et tous les renseignements que nous recueillons sont utilis\u00e9s dans le respect de cette philosophie et dans l\u2019unique but [&hellip;]<\/p>\n","protected":false},"author":1,"featured_media":0,"parent":0,"menu_order":0,"comment_status":"closed","ping_status":"open","template":"","meta":{"_et_pb_use_builder":"","_et_pb_old_content":"","_et_gb_content_width":"","footnotes":""},"class_list":["post-179","page","type-page","status-publish","hentry"],"yoast_head":"<!-- This site is optimized with the Yoast SEO plugin v25.2 - https:\/\/yoast.com\/wordpress\/plugins\/seo\/ -->\n<title>Politique de confidentialit\u00e9 - Eurofins SpinControl Canada<\/title>\n<meta name=\"robots\" content=\"index, follow, max-snippet:-1, max-image-preview:large, max-video-preview:-1\" \/>\n<link rel=\"canonical\" href=\"https:\/\/spincontrol.ca\/fr\/politique-de-confidentialite\/\" \/>\n<meta property=\"og:locale\" content=\"fr_FR\" \/>\n<meta property=\"og:type\" content=\"article\" \/>\n<meta property=\"og:title\" content=\"Politique de confidentialit\u00e9 - Eurofins SpinControl Canada\" \/>\n<meta property=\"og:description\" content=\"Vous visitez actuellement le site web de Eurofins SpinControl Canada. Lorsque vous utilisez notre site web ou nos services, nous recueillons des renseignements qui nous permettent de vous identifier. Votre vie priv\u00e9e est importante pour nous, et tous les renseignements que nous recueillons sont utilis\u00e9s dans le respect de cette philosophie et dans l\u2019unique but [&hellip;]\" \/>\n<meta property=\"og:url\" content=\"https:\/\/spincontrol.ca\/fr\/politique-de-confidentialite\/\" \/>\n<meta property=\"og:site_name\" content=\"Eurofins SpinControl Canada\" \/>\n<meta property=\"article:publisher\" content=\"https:\/\/www.facebook.com\/Spincontrolmontreal\" \/>\n<meta property=\"article:modified_time\" content=\"2025-05-26T16:33:21+00:00\" \/>\n<meta name=\"twitter:card\" content=\"summary_large_image\" \/>\n<meta name=\"twitter:label1\" content=\"Dur\u00e9e de lecture estim\u00e9e\" \/>\n\t<meta name=\"twitter:data1\" content=\"8 minutes\" \/>\n<script type=\"application\/ld+json\" class=\"yoast-schema-graph\">{\"@context\":\"https:\/\/schema.org\",\"@graph\":[{\"@type\":\"WebPage\",\"@id\":\"https:\/\/spincontrol.ca\/fr\/politique-de-confidentialite\/\",\"url\":\"https:\/\/spincontrol.ca\/fr\/politique-de-confidentialite\/\",\"name\":\"Politique de confidentialit\u00e9 - Eurofins SpinControl Canada\",\"isPartOf\":{\"@id\":\"https:\/\/spincontrol.ca\/#website\"},\"datePublished\":\"2021-11-05T13:43:32+00:00\",\"dateModified\":\"2025-05-26T16:33:21+00:00\",\"breadcrumb\":{\"@id\":\"https:\/\/spincontrol.ca\/fr\/politique-de-confidentialite\/#breadcrumb\"},\"inLanguage\":\"fr-FR\",\"potentialAction\":[{\"@type\":\"ReadAction\",\"target\":[\"https:\/\/spincontrol.ca\/fr\/politique-de-confidentialite\/\"]}]},{\"@type\":\"BreadcrumbList\",\"@id\":\"https:\/\/spincontrol.ca\/fr\/politique-de-confidentialite\/#breadcrumb\",\"itemListElement\":[{\"@type\":\"ListItem\",\"position\":1,\"name\":\"Home\",\"item\":\"https:\/\/spincontrol.ca\/fr\/\"},{\"@type\":\"ListItem\",\"position\":2,\"name\":\"Politique de confidentialit\u00e9\"}]},{\"@type\":\"WebSite\",\"@id\":\"https:\/\/spincontrol.ca\/#website\",\"url\":\"https:\/\/spincontrol.ca\/\",\"name\":\"Eurofins SpinControl Canada\",\"description\":\"Efficacy &amp; Safety Tests of Cosmetics\",\"publisher\":{\"@id\":\"https:\/\/spincontrol.ca\/#organization\"},\"potentialAction\":[{\"@type\":\"SearchAction\",\"target\":{\"@type\":\"EntryPoint\",\"urlTemplate\":\"https:\/\/spincontrol.ca\/?s={search_term_string}\"},\"query-input\":{\"@type\":\"PropertyValueSpecification\",\"valueRequired\":true,\"valueName\":\"search_term_string\"}}],\"inLanguage\":\"fr-FR\"},{\"@type\":\"Organization\",\"@id\":\"https:\/\/spincontrol.ca\/#organization\",\"name\":\"Spin Control\",\"url\":\"https:\/\/spincontrol.ca\/\",\"logo\":{\"@type\":\"ImageObject\",\"inLanguage\":\"fr-FR\",\"@id\":\"https:\/\/spincontrol.ca\/#\/schema\/logo\/image\/\",\"url\":\"https:\/\/spincontrol.ca\/wp-content\/uploads\/2021\/11\/cropped-Spin-Favicon.png\",\"contentUrl\":\"https:\/\/spincontrol.ca\/wp-content\/uploads\/2021\/11\/cropped-Spin-Favicon.png\",\"width\":512,\"height\":512,\"caption\":\"Spin Control\"},\"image\":{\"@id\":\"https:\/\/spincontrol.ca\/#\/schema\/logo\/image\/\"},\"sameAs\":[\"https:\/\/www.facebook.com\/Spincontrolmontreal\"]}]}<\/script>\n<!-- \/ Yoast SEO plugin. -->","yoast_head_json":{"title":"Politique de confidentialit\u00e9 - Eurofins SpinControl Canada","robots":{"index":"index","follow":"follow","max-snippet":"max-snippet:-1","max-image-preview":"max-image-preview:large","max-video-preview":"max-video-preview:-1"},"canonical":"https:\/\/spincontrol.ca\/fr\/politique-de-confidentialite\/","og_locale":"fr_FR","og_type":"article","og_title":"Politique de confidentialit\u00e9 - Eurofins SpinControl Canada","og_description":"Vous visitez actuellement le site web de Eurofins SpinControl Canada. Lorsque vous utilisez notre site web ou nos services, nous recueillons des renseignements qui nous permettent de vous identifier. Votre vie priv\u00e9e est importante pour nous, et tous les renseignements que nous recueillons sont utilis\u00e9s dans le respect de cette philosophie et dans l\u2019unique but [&hellip;]","og_url":"https:\/\/spincontrol.ca\/fr\/politique-de-confidentialite\/","og_site_name":"Eurofins SpinControl Canada","article_publisher":"https:\/\/www.facebook.com\/Spincontrolmontreal","article_modified_time":"2025-05-26T16:33:21+00:00","twitter_card":"summary_large_image","twitter_misc":{"Dur\u00e9e de lecture estim\u00e9e":"8 minutes"},"schema":{"@context":"https:\/\/schema.org","@graph":[{"@type":"WebPage","@id":"https:\/\/spincontrol.ca\/fr\/politique-de-confidentialite\/","url":"https:\/\/spincontrol.ca\/fr\/politique-de-confidentialite\/","name":"Politique de confidentialit\u00e9 - Eurofins SpinControl Canada","isPartOf":{"@id":"https:\/\/spincontrol.ca\/#website"},"datePublished":"2021-11-05T13:43:32+00:00","dateModified":"2025-05-26T16:33:21+00:00","breadcrumb":{"@id":"https:\/\/spincontrol.ca\/fr\/politique-de-confidentialite\/#breadcrumb"},"inLanguage":"fr-FR","potentialAction":[{"@type":"ReadAction","target":["https:\/\/spincontrol.ca\/fr\/politique-de-confidentialite\/"]}]},{"@type":"BreadcrumbList","@id":"https:\/\/spincontrol.ca\/fr\/politique-de-confidentialite\/#breadcrumb","itemListElement":[{"@type":"ListItem","position":1,"name":"Home","item":"https:\/\/spincontrol.ca\/fr\/"},{"@type":"ListItem","position":2,"name":"Politique de confidentialit\u00e9"}]},{"@type":"WebSite","@id":"https:\/\/spincontrol.ca\/#website","url":"https:\/\/spincontrol.ca\/","name":"Eurofins SpinControl Canada","description":"Efficacy &amp; Safety Tests of Cosmetics","publisher":{"@id":"https:\/\/spincontrol.ca\/#organization"},"potentialAction":[{"@type":"SearchAction","target":{"@type":"EntryPoint","urlTemplate":"https:\/\/spincontrol.ca\/?s={search_term_string}"},"query-input":{"@type":"PropertyValueSpecification","valueRequired":true,"valueName":"search_term_string"}}],"inLanguage":"fr-FR"},{"@type":"Organization","@id":"https:\/\/spincontrol.ca\/#organization","name":"Spin Control","url":"https:\/\/spincontrol.ca\/","logo":{"@type":"ImageObject","inLanguage":"fr-FR","@id":"https:\/\/spincontrol.ca\/#\/schema\/logo\/image\/","url":"https:\/\/spincontrol.ca\/wp-content\/uploads\/2021\/11\/cropped-Spin-Favicon.png","contentUrl":"https:\/\/spincontrol.ca\/wp-content\/uploads\/2021\/11\/cropped-Spin-Favicon.png","width":512,"height":512,"caption":"Spin Control"},"image":{"@id":"https:\/\/spincontrol.ca\/#\/schema\/logo\/image\/"},"sameAs":["https:\/\/www.facebook.com\/Spincontrolmontreal"]}]}},"_links":{"self":[{"href":"https:\/\/spincontrol.ca\/fr\/wp-json\/wp\/v2\/pages\/179","targetHints":{"allow":["GET"]}}],"collection":[{"href":"https:\/\/spincontrol.ca\/fr\/wp-json\/wp\/v2\/pages"}],"about":[{"href":"https:\/\/spincontrol.ca\/fr\/wp-json\/wp\/v2\/types\/page"}],"author":[{"embeddable":true,"href":"https:\/\/spincontrol.ca\/fr\/wp-json\/wp\/v2\/users\/1"}],"replies":[{"embeddable":true,"href":"https:\/\/spincontrol.ca\/fr\/wp-json\/wp\/v2\/comments?post=179"}],"version-history":[{"count":4,"href":"https:\/\/spincontrol.ca\/fr\/wp-json\/wp\/v2\/pages\/179\/revisions"}],"predecessor-version":[{"id":615,"href":"https:\/\/spincontrol.ca\/fr\/wp-json\/wp\/v2\/pages\/179\/revisions\/615"}],"wp:attachment":[{"href":"https:\/\/spincontrol.ca\/fr\/wp-json\/wp\/v2\/media?parent=179"}],"curies":[{"name":"wp","href":"https:\/\/api.w.org\/{rel}","templated":true}]}}